{"id":21156,"date":"2015-05-19T18:15:22","date_gmt":"2015-05-19T16:15:22","guid":{"rendered":"http:\/\/www.wolfgangwerzowa.at\/wp-login.php\/?page_id=21156"},"modified":"2019-07-04T22:38:28","modified_gmt":"2019-07-04T20:38:28","slug":"ueber-mich","status":"publish","type":"page","link":"https:\/\/www.wolfgangwerzowa.at\/wp-login.php\/","title":{"rendered":"Start"},"content":{"rendered":"<div     class=\"vc_row wpb_row section vc_row-fluid\" style=' text-align:left;'><div class=\" full_section_inner clearfix\">\n\t<div class=\"vc_col-sm-12 wpb_column vc_column_container \">\n\t\t<div class=\"wpb_wrapper\">\n\t\t\t\n\t<div class=\"wpb_text_column wpb_content_element \">\n\t\t<div class=\"wpb_wrapper\">\n\t\t\t<h3 style=\"text-align: left;\"><\/h3>\n\n\t\t<\/div> \n\t<\/div> \n\t<div class=\"wpb_text_column wpb_content_element \">\n\t\t<div class=\"wpb_wrapper\">\n\t\t\t<h4 style=\"text-align: left;\"><\/h4>\n\n\t\t<\/div> \n\t<\/div> \n\t<div class=\"wpb_text_column wpb_content_element \">\n\t\t<div class=\"wpb_wrapper\">\n\t\t\t<h4 style=\"text-align: left;\"><strong>Wenn Sie Unterst\u00fctzung<\/strong><\/h4>\n<h4 style=\"text-align: left;\"><strong>in schwierigen Lebenssituationen<\/strong><\/h4>\n<h4 style=\"text-align: left;\"><strong>w\u00fcnschen, stehe ich Ihnen gerne<\/strong><\/h4>\n<h4 style=\"text-align: left;\"><strong>zur Seite.<\/strong><\/h4>\n<h3><\/h3>\n\n\t\t<\/div> \n\t<\/div> \n\t<div class=\"wpb_text_column wpb_content_element \">\n\t\t<div class=\"wpb_wrapper\">\n\t\t\t<p>Zu einer Sitzung kommen Sie alleine oder in Begleitung,<br \/>\nvon Familienmitgliedern oder anderen,<br \/>\nIhnen nahestehenden Personen.<\/p>\n<p>Gemeinsam erschlie\u00dfen wir Ihre St\u00e4rken und F\u00e4higkeiten<br \/>\nund reduzieren die st\u00f6rende sowie schw\u00e4chende Wirkung<br \/>\nvon Problemen oder l\u00f6sen sie auf.<\/p>\n<p>Eine verst\u00e4rkte Selbstachtung und erh\u00f6hte<br \/>\nAnerkennung seitens der Mitmenschen<br \/>\nwerden dabei angestrebt.<br \/>\nF\u00fcr diesen Prozess biete ich Ihnen einen gesch\u00fctzten,<br \/>\nentspannten Rahmen und stehe Ihnen mit<br \/>\nermunternder Aufmerksamkeit zur Verf\u00fcgung.<\/p>\n\n\t\t<\/div> \n\t<\/div> \n\t\t<\/div> \n\t<\/div> \n<\/div><\/div>\n","protected":false},"excerpt":{"rendered":"Wenn Sie Unterst\u00fctzung in schwierigen Lebenssituationen w\u00fcnschen, stehe ich Ihnen gerne zur Seite. Zu einer Sitzung kommen Sie alleine oder in Begleitung, von Familienmitgliedern oder anderen, Ihnen nahestehenden Personen. Gemeinsam erschlie\u00dfen wir Ihre St\u00e4rken und F\u00e4higkeiten und reduzieren die st\u00f6rende sowie schw\u00e4chende Wirkung von Problemen...","protected":false},"author":1,"featured_media":0,"parent":0,"menu_order":0,"comment_status":"open","ping_status":"open","template":"","meta":[],"_links":{"self":[{"href":"https:\/\/www.wolfgangwerzowa.at\/wp-login.php\/wp-json\/wp\/v2\/pages\/21156"}],"collection":[{"href":"https:\/\/www.wolfgangwerzowa.at\/wp-login.php\/wp-json\/wp\/v2\/pages"}],"about":[{"href":"https:\/\/www.wolfgangwerzowa.at\/wp-login.php\/wp-json\/wp\/v2\/types\/page"}],"author":[{"embeddable":true,"href":"https:\/\/www.wolfgangwerzowa.at\/wp-login.php\/wp-json\/wp\/v2\/users\/1"}],"replies":[{"embeddable":true,"href":"https:\/\/www.wolfgangwerzowa.at\/wp-login.php\/wp-json\/wp\/v2\/comments?post=21156"}],"version-history":[{"count":35,"href":"https:\/\/www.wolfgangwerzowa.at\/wp-login.php\/wp-json\/wp\/v2\/pages\/21156\/revisions"}],"predecessor-version":[{"id":21445,"href":"https:\/\/www.wolfgangwerzowa.at\/wp-login.php\/wp-json\/wp\/v2\/pages\/21156\/revisions\/21445"}],"wp:attachment":[{"href":"https:\/\/www.wolfgangwerzowa.at\/wp-login.php\/wp-json\/wp\/v2\/media?parent=21156"}],"curies":[{"name":"wp","href":"https:\/\/api.w.org\/{rel}","templated":true}]}}