{"id":21162,"date":"2015-05-19T18:23:10","date_gmt":"2015-05-19T16:23:10","guid":{"rendered":"http:\/\/www.wolfgangwerzowa.at\/wp-login.php\/?page_id=21162"},"modified":"2023-09-12T17:26:50","modified_gmt":"2023-09-12T15:26:50","slug":"praxis","status":"publish","type":"page","link":"https:\/\/www.wolfgangwerzowa.at\/wp-login.php\/praxis\/","title":{"rendered":"Praxis"},"content":{"rendered":"<p>Praxis:<\/p>\n<p>Ein gesch\u00fctzter Rahmen, ein Ort in dem Sie sich sicher und wohl f\u00fchlen, ist die Basis f\u00fcr eine gelingende Beratung oder Psychotherapie.<\/p>\n<p><a href=\"http:\/\/www.wolfgangwerzowa.at\/wp-login.php\/wp-content\/uploads\/2015\/05\/Praxis_sm-7419.jpg\"><img decoding=\"async\" loading=\"lazy\" class=\"size-full wp-image-21450 aligncenter\" src=\"http:\/\/www.wolfgangwerzowa.at\/wp-login.php\/wp-content\/uploads\/2015\/05\/Praxis_sm-7419.jpg\" alt=\"\" width=\"567\" height=\"402\" srcset=\"https:\/\/www.wolfgangwerzowa.at\/wp-login.php\/wp-content\/uploads\/2015\/05\/Praxis_sm-7419.jpg 567w, https:\/\/www.wolfgangwerzowa.at\/wp-login.php\/wp-content\/uploads\/2015\/05\/Praxis_sm-7419-300x213.jpg 300w\" sizes=\"(max-width: 567px) 100vw, 567px\" \/><\/a><\/p>\n<p>1010 Wien &#8211; Seilerst\u00e4tte 7\/2<\/p>\n<p>Aktuelle biete ich Psychotherapie auf Wunsch online oder telefonisch an.<\/p>\n<p>Basishonorare:<\/p>\n<p>Einzelpsychotherapie\u00a0\u00a0\u00a0\u00a0\u00a0\u00a0\u00a0\u00a0\u00a0\u00a0\u00a0\u00a0\u00a0\u00a0 \u00a0\u00a0 (50 min):\u00a0 \u20ac 115 \u00a0\u00a0 (Psychotherapie ist umsatzsteuerbefreit)<\/p>\n<p>Beratung\/Coaching \u00a0\u00a0\u00a0\u00a0\u00a0\u00a0\u00a0\u00a0\u00a0\u00a0\u00a0\u00a0\u00a0\u00a0\u00a0\u00a0\u00a0\u00a0\u00a0 (50 min):\u00a0 \u20ac 140 \u00a0 (inkl. 20% USt.)<\/p>\n<p>Paar- oder Familientherapie \u00a0\u00a0\u00a0 (90 min): \u20ac 230<\/p>\n<p>Falls die Honorare f\u00fcr Sie nicht leistbar sind, biete ich verg\u00fcnstigte Stunden vormittags an (09:00 bis 12:00).<\/p>\n<p>Bei Psychotherapie besteht die M\u00f6glichkeit einer Kosten\u00fcbernahme oder Teilrefundierung durch die Krankenkasse, bei krankheitswertigen, psychischen St\u00f6rungen.<\/p>\n","protected":false},"excerpt":{"rendered":"<p>Praxis: Ein gesch\u00fctzter Rahmen, ein Ort in dem Sie sich sicher und wohl f\u00fchlen, ist die Basis f\u00fcr eine gelingende Beratung oder Psychotherapie. 1010 Wien &#8211; Seilerst\u00e4tte 7\/2 Aktuelle biete ich Psychotherapie auf Wunsch online oder telefonisch an. Basishonorare: Einzelpsychotherapie\u00a0\u00a0\u00a0\u00a0\u00a0\u00a0\u00a0\u00a0\u00a0\u00a0\u00a0\u00a0\u00a0\u00a0 \u00a0\u00a0 (50 min):\u00a0 \u20ac 115&#8230;<\/p>\n","protected":false},"author":1,"featured_media":21450,"parent":0,"menu_order":0,"comment_status":"open","ping_status":"open","template":"","meta":[],"_links":{"self":[{"href":"https:\/\/www.wolfgangwerzowa.at\/wp-login.php\/wp-json\/wp\/v2\/pages\/21162"}],"collection":[{"href":"https:\/\/www.wolfgangwerzowa.at\/wp-login.php\/wp-json\/wp\/v2\/pages"}],"about":[{"href":"https:\/\/www.wolfgangwerzowa.at\/wp-login.php\/wp-json\/wp\/v2\/types\/page"}],"author":[{"embeddable":true,"href":"https:\/\/www.wolfgangwerzowa.at\/wp-login.php\/wp-json\/wp\/v2\/users\/1"}],"replies":[{"embeddable":true,"href":"https:\/\/www.wolfgangwerzowa.at\/wp-login.php\/wp-json\/wp\/v2\/comments?post=21162"}],"version-history":[{"count":20,"href":"https:\/\/www.wolfgangwerzowa.at\/wp-login.php\/wp-json\/wp\/v2\/pages\/21162\/revisions"}],"predecessor-version":[{"id":21522,"href":"https:\/\/www.wolfgangwerzowa.at\/wp-login.php\/wp-json\/wp\/v2\/pages\/21162\/revisions\/21522"}],"wp:featuredmedia":[{"embeddable":true,"href":"https:\/\/www.wolfgangwerzowa.at\/wp-login.php\/wp-json\/wp\/v2\/media\/21450"}],"wp:attachment":[{"href":"https:\/\/www.wolfgangwerzowa.at\/wp-login.php\/wp-json\/wp\/v2\/media?parent=21162"}],"curies":[{"name":"wp","href":"https:\/\/api.w.org\/{rel}","templated":true}]}}