{"id":21164,"date":"2015-05-19T18:23:32","date_gmt":"2015-05-19T16:23:32","guid":{"rendered":"http:\/\/www.wolfgangwerzowa.at\/wp-login.php\/?page_id=21164"},"modified":"2016-05-25T21:37:13","modified_gmt":"2016-05-25T19:37:13","slug":"systemischer-ansatz","status":"publish","type":"page","link":"https:\/\/www.wolfgangwerzowa.at\/wp-login.php\/systemischer-ansatz\/","title":{"rendered":"systemischer Ansatz"},"content":{"rendered":"<p>Systemischer Ansatz:<\/p>\n<p>&nbsp;<\/p>\n<p>Das Konzept der Systemtheorie kann hilfreich sein, Situationen zu verstehen oder zu ver\u00e4ndern. Eine systemische Herangehensweise versucht im Besonderen auf das soziale Umfeld und den Kontext der KlientInnen zu schauen. Ein \u201eProblem\u201c ist immer auch ein kollektives Problem. KlientInnen sind oft hin- und hergerissen zwischen einem Gef\u00fchl der Bedrohung sowie Vernachl\u00e4ssigung durch das soziale Umfeld. Dieses Ph\u00e4nomen kann durch eine chronische \u00dcberforderung aller Beteiligten erkl\u00e4rt werden. Eine Konsequenz ist etwa, sich nicht mit der \u00fcberfordernden Komplexit\u00e4t zu besch\u00e4ftigen, sondern sich auf spezifische Teilph\u00e4nomene zu fokussieren. Letztlich kann auch die Systemtheorie erkl\u00e4ren, dass eine kleine Ver\u00e4nderung in einem System das ganze System ver\u00e4ndern kann.<\/p>\n<p>Die systemische Psychotherapie macht sich die zentrale Erkenntnis zu Nutze, dass es nicht notwendig ist, ein \u201eProblem\u201c zu verstehen, um eine L\u00f6sung zu finden. Vereinfacht gesagt, konzentriert man sich in der Therapie auf die St\u00e4rken, Ressourcen und Erfolge, statt auf die Schw\u00e4chen und Misserfolge. In den positiven Ausnahmen steckt in den meisten F\u00e4llen die L\u00f6sung, der alternative Weg, der aber aus bestimmten Gr\u00fcnden noch nicht gangbar ist. Eine systemische Psychotherapie setzt genau da an und hilft, gemeinsam eine gew\u00fcnschte Ver\u00e4nderung umzusetzen.<\/p>\n<p>&nbsp;<\/p>\n","protected":false},"excerpt":{"rendered":"<p>Systemischer Ansatz: &nbsp; Das Konzept der Systemtheorie kann hilfreich sein, Situationen zu verstehen oder zu ver\u00e4ndern. Eine systemische Herangehensweise versucht im Besonderen auf das soziale Umfeld und den Kontext der KlientInnen zu schauen. Ein \u201eProblem\u201c ist immer auch ein kollektives Problem. KlientInnen sind oft hin-&#8230;<\/p>\n","protected":false},"author":1,"featured_media":0,"parent":0,"menu_order":0,"comment_status":"open","ping_status":"open","template":"","meta":[],"_links":{"self":[{"href":"https:\/\/www.wolfgangwerzowa.at\/wp-login.php\/wp-json\/wp\/v2\/pages\/21164"}],"collection":[{"href":"https:\/\/www.wolfgangwerzowa.at\/wp-login.php\/wp-json\/wp\/v2\/pages"}],"about":[{"href":"https:\/\/www.wolfgangwerzowa.at\/wp-login.php\/wp-json\/wp\/v2\/types\/page"}],"author":[{"embeddable":true,"href":"https:\/\/www.wolfgangwerzowa.at\/wp-login.php\/wp-json\/wp\/v2\/users\/1"}],"replies":[{"embeddable":true,"href":"https:\/\/www.wolfgangwerzowa.at\/wp-login.php\/wp-json\/wp\/v2\/comments?post=21164"}],"version-history":[{"count":6,"href":"https:\/\/www.wolfgangwerzowa.at\/wp-login.php\/wp-json\/wp\/v2\/pages\/21164\/revisions"}],"predecessor-version":[{"id":21327,"href":"https:\/\/www.wolfgangwerzowa.at\/wp-login.php\/wp-json\/wp\/v2\/pages\/21164\/revisions\/21327"}],"wp:attachment":[{"href":"https:\/\/www.wolfgangwerzowa.at\/wp-login.php\/wp-json\/wp\/v2\/media?parent=21164"}],"curies":[{"name":"wp","href":"https:\/\/api.w.org\/{rel}","templated":true}]}}