{"id":21172,"date":"2015-05-19T18:26:21","date_gmt":"2015-05-19T16:26:21","guid":{"rendered":"http:\/\/www.wolfgangwerzowa.at\/wp-login.php\/?page_id=21172"},"modified":"2022-01-17T15:14:22","modified_gmt":"2022-01-17T14:14:22","slug":"impressum","status":"publish","type":"page","link":"https:\/\/www.wolfgangwerzowa.at\/wp-login.php\/impressum\/","title":{"rendered":"Impressum"},"content":{"rendered":"<p class=\"paragraph_style\" style=\"text-align: center;\">f\u00fcr den Inhalt verantwortlich: Mag. Wolfgang Werzowa BSc., Seilerst\u00e4tte 7\/2, 1010 Wien<\/p>\n<p class=\"paragraph_style\" style=\"text-align: center;\">Fotos: Adsy Bernart, Bernd Hofbauer, Daniela Mischer-Werzowa, Wolfgang Werzowa<\/p>\n<p class=\"paragraph_style\" style=\"text-align: center;\">Rechtliche Hinweise und Verwendungsbestimmungen:<\/p>\n<p class=\"paragraph_style\" style=\"text-align: center;\">Alle Texte auf der Homepage \u00a0wurden sorgf\u00e4ltig gepr\u00fcft. Nichtsdestotrotz kann keine Garantie f\u00fcr die Richtigkeit, Vollst\u00e4ndigkeit und Aktualit\u00e4t der Angaben \u00fcbernommen werden. Eine Haftung seitens des Betreibers wird daher ausgeschlossen. Die Links zu anderen Webseiten wurden sorgf\u00e4ltig ausgew\u00e4hlt. Da die Einflussm\u00f6glichkeit auf deren Inhalt nicht gegeben ist wird daf\u00fcr keine Verantwortung \u00fcbernommen. Die Nutzung von Daten jeglicher Art, insbesondere zu Werbezwecken, wird untersagt bzw. Bedarf dies der Zustimmung des Betreibers.<\/p>\n<p class=\"paragraph_style\" style=\"text-align: center;\">\n","protected":false},"excerpt":{"rendered":"<p>f\u00fcr den Inhalt verantwortlich: Mag. Wolfgang Werzowa BSc., Seilerst\u00e4tte 7\/2, 1010 Wien Fotos: Adsy Bernart, Bernd Hofbauer, Daniela Mischer-Werzowa, Wolfgang Werzowa Rechtliche Hinweise und Verwendungsbestimmungen: Alle Texte auf der Homepage \u00a0wurden sorgf\u00e4ltig gepr\u00fcft. Nichtsdestotrotz kann keine Garantie f\u00fcr die Richtigkeit, Vollst\u00e4ndigkeit und Aktualit\u00e4t der Angaben&#8230;<\/p>\n","protected":false},"author":1,"featured_media":0,"parent":0,"menu_order":0,"comment_status":"open","ping_status":"open","template":"","meta":[],"_links":{"self":[{"href":"https:\/\/www.wolfgangwerzowa.at\/wp-login.php\/wp-json\/wp\/v2\/pages\/21172"}],"collection":[{"href":"https:\/\/www.wolfgangwerzowa.at\/wp-login.php\/wp-json\/wp\/v2\/pages"}],"about":[{"href":"https:\/\/www.wolfgangwerzowa.at\/wp-login.php\/wp-json\/wp\/v2\/types\/page"}],"author":[{"embeddable":true,"href":"https:\/\/www.wolfgangwerzowa.at\/wp-login.php\/wp-json\/wp\/v2\/users\/1"}],"replies":[{"embeddable":true,"href":"https:\/\/www.wolfgangwerzowa.at\/wp-login.php\/wp-json\/wp\/v2\/comments?post=21172"}],"version-history":[{"count":5,"href":"https:\/\/www.wolfgangwerzowa.at\/wp-login.php\/wp-json\/wp\/v2\/pages\/21172\/revisions"}],"predecessor-version":[{"id":21503,"href":"https:\/\/www.wolfgangwerzowa.at\/wp-login.php\/wp-json\/wp\/v2\/pages\/21172\/revisions\/21503"}],"wp:attachment":[{"href":"https:\/\/www.wolfgangwerzowa.at\/wp-login.php\/wp-json\/wp\/v2\/media?parent=21172"}],"curies":[{"name":"wp","href":"https:\/\/api.w.org\/{rel}","templated":true}]}}