{"id":21187,"date":"2015-05-19T18:31:34","date_gmt":"2015-05-19T16:31:34","guid":{"rendered":"http:\/\/www.wolfgangwerzowa.at\/wp-login.php\/?page_id=21187"},"modified":"2022-01-17T15:55:11","modified_gmt":"2022-01-17T14:55:11","slug":"psychotherapie","status":"publish","type":"page","link":"https:\/\/www.wolfgangwerzowa.at\/wp-login.php\/psychotherapie\/","title":{"rendered":"\u00fcber mich"},"content":{"rendered":"<div     class=\"vc_row wpb_row section vc_row-fluid\" style=' text-align:left;'><div class=\" full_section_inner clearfix\">\n\t<div class=\"vc_col-sm-12 wpb_column vc_column_container \">\n\t\t<div class=\"wpb_wrapper\">\n\t\t\t\n\t<div class=\"wpb_text_column wpb_content_element \">\n\t\t<div class=\"wpb_wrapper\">\n\t\t\t<h3 style=\"text-align: center;\">\u00fcber mich<\/h3>\n\n\t\t<\/div> \n\t<\/div> \n\t\t<\/div> \n\t<\/div> \n<\/div><\/div><div     class=\"vc_row wpb_row section vc_row-fluid\" style=' text-align:left;'><div class=\" full_section_inner clearfix\">\n\t<div class=\"vc_col-sm-8 wpb_column vc_column_container \">\n\t\t<div class=\"wpb_wrapper\">\n\t\t\t\n\t<div class=\"wpb_text_column wpb_content_element \">\n\t\t<div class=\"wpb_wrapper\">\n\t\t\t<p>Systemische Psychotherapie<\/p>\n<p>Magister der Psychotherapiewissenschaften<\/p>\n<p>Bachelor of Science in Psychologie<\/p>\n<p>Lehrgang f\u00fcr Bio- und Neurofeedback absolviert<\/p>\n<p>Zertifikat in S\u00e4uglings-, Kinder- und Jugendlichenpsychotherapie<\/p>\n<p>gepr\u00fcfter Therapiehundef\u00fcher<\/p>\n<p>Praxislehrgang Kinder- &amp; Jugendlichenpsychotherapie<\/p>\n<p>t\u00e4tig in<\/p>\n<p>freier Praxis in 1010 und 1030 Wien<\/p>\n<p>Universit\u00e4tsambulanz f\u00fcr Kinder und\u00a0Jugendliche Wieden<\/p>\n<p>Kinder und Jugendambulanz Schwedenplatz<\/p>\n<p>Praktikum im Institut f\u00fcr Paar- und Familientherapie<\/p>\n<p>Co-Therapeut in einer psychodramatischen Kinder- und Jugendgruppenpsychotherapie<\/p>\n<p>verheiratet und Vater von 3 Kindern (in einem \u201ePatchwork\u201c System)<\/p>\n<p>Weitere T\u00e4tigkeitsbereiche:<\/p>\n<p>k\u00fcnstlerische Projekte<\/p>\n<p>Portraitfotografie<\/p>\n<p>Projekt- und Kommunikationsmanagement<\/p>\n\n\t\t<\/div> \n\t<\/div> \n\t\t<\/div> \n\t<\/div> \n<\/div><\/div><div     class=\"vc_row wpb_row section vc_row-fluid\" style=' text-align:left;'><div class=\" full_section_inner clearfix\"><\/div><\/div>\n\t<div class=\"vc_col-sm-8 wpb_column vc_column_container \">\n\t\t<div class=\"wpb_wrapper\">\n\t\t\t\n\t\t<\/div> \n\t<\/div> \n\n\t<div class=\"wpb_text_column wpb_content_element \">\n\t\t<div class=\"wpb_wrapper\">\n\t\t\t\n\t\t<\/div> \n\t<\/div>\n<p><img decoding=\"async\" src=\"https:\/\/www.wolfgangwerzowa.at\/wp-login.php\/wp-content\/uploads\/2022\/01\/200902_Werz_6552_Xsm.jpg\" \/><\/p>\n","protected":false},"excerpt":{"rendered":"\u00fcber mich Systemische Psychotherapie Magister der Psychotherapiewissenschaften Bachelor of Science in Psychologie Lehrgang f\u00fcr Bio- und Neurofeedback absolviert Zertifikat in S\u00e4uglings-, Kinder- und Jugendlichenpsychotherapie gepr\u00fcfter Therapiehundef\u00fcher Praxislehrgang Kinder- &amp; Jugendlichenpsychotherapie t\u00e4tig in freier Praxis in 1010 und 1030 Wien Universit\u00e4tsambulanz f\u00fcr Kinder und\u00a0Jugendliche Wieden Kinder...","protected":false},"author":1,"featured_media":21516,"parent":0,"menu_order":0,"comment_status":"open","ping_status":"open","template":"","meta":[],"_links":{"self":[{"href":"https:\/\/www.wolfgangwerzowa.at\/wp-login.php\/wp-json\/wp\/v2\/pages\/21187"}],"collection":[{"href":"https:\/\/www.wolfgangwerzowa.at\/wp-login.php\/wp-json\/wp\/v2\/pages"}],"about":[{"href":"https:\/\/www.wolfgangwerzowa.at\/wp-login.php\/wp-json\/wp\/v2\/types\/page"}],"author":[{"embeddable":true,"href":"https:\/\/www.wolfgangwerzowa.at\/wp-login.php\/wp-json\/wp\/v2\/users\/1"}],"replies":[{"embeddable":true,"href":"https:\/\/www.wolfgangwerzowa.at\/wp-login.php\/wp-json\/wp\/v2\/comments?post=21187"}],"version-history":[{"count":29,"href":"https:\/\/www.wolfgangwerzowa.at\/wp-login.php\/wp-json\/wp\/v2\/pages\/21187\/revisions"}],"predecessor-version":[{"id":21519,"href":"https:\/\/www.wolfgangwerzowa.at\/wp-login.php\/wp-json\/wp\/v2\/pages\/21187\/revisions\/21519"}],"wp:featuredmedia":[{"embeddable":true,"href":"https:\/\/www.wolfgangwerzowa.at\/wp-login.php\/wp-json\/wp\/v2\/media\/21516"}],"wp:attachment":[{"href":"https:\/\/www.wolfgangwerzowa.at\/wp-login.php\/wp-json\/wp\/v2\/media?parent=21187"}],"curies":[{"name":"wp","href":"https:\/\/api.w.org\/{rel}","templated":true}]}}